{"id":30356,"date":"2023-05-24T11:40:11","date_gmt":"2023-05-24T09:40:11","guid":{"rendered":"https:\/\/cercledesbains.ch\/?page_id=30356"},"modified":"2024-03-15T08:25:36","modified_gmt":"2024-03-15T07:25:36","slug":"packages","status":"publish","type":"page","link":"https:\/\/cercledesbains.ch\/en\/packages\/","title":{"rendered":"Packages"},"content":{"rendered":"<p>[vc_row row_height_percent=&#8221;90&#8243; override_padding=&#8221;yes&#8221; h_padding=&#8221;2&#8243; top_padding=&#8221;3&#8243; bottom_padding=&#8221;3&#8243; back_image=&#8221;29386&#8243; back_position=&#8221;center bottom&#8221; overlay_alpha=&#8221;100&#8243; gutter_size=&#8221;3&#8243; column_width_percent=&#8221;100&#8243; shift_y=&#8221;0&#8243; z_index=&#8221;0&#8243; uncode_shortcode_id=&#8221;405523&#8243; overlay_color_type=&#8221;uncode-gradient&#8221; overlay_color_gradient=&#8221;{&#8220;css&#8220;:&#8220;background: linear-gradient(to bottom , rgba(12, 19, 43, 0.21) , rgb(12, 19, 43) 82%);&#8220;,&#8220;sliders&#8220;:`{`{&#8220;color&#8220;:&#8220;rgba(12, 19, 43, 0.21)&#8220;,&#8220;position&#8220;:0},{&#8220;color&#8220;:&#8220;rgb(12, 19, 43)&#8220;,&#8220;position&#8220;:82}`}`,&#8220;type&#8220;:&#8220;linear&#8220;,&#8220;direction&#8220;:&#8220;top&#8220;}&#8221;][vc_column column_width_use_pixel=&#8221;yes&#8221; position_vertical=&#8221;middle&#8221; align_horizontal=&#8221;align_center&#8221; gutter_size=&#8221;2&#8243; overlay_alpha=&#8221;50&#8243; shift_x=&#8221;0&#8243; shift_y=&#8221;0&#8243; shift_y_down=&#8221;0&#8243; z_index=&#8221;0&#8243; medium_width=&#8221;0&#8243; mobile_width=&#8221;0&#8243; width=&#8221;1\/1&#8243; uncode_shortcode_id=&#8221;150206&#8243; column_width_pixel=&#8221;800&#8243;][vc_custom_heading heading_semantic=&#8221;h1&#8243; text_size=&#8221;bigtext&#8221; sub_lead=&#8221;yes&#8221; uncode_shortcode_id=&#8221;531834&#8243;]Our packages for your events[\/vc_custom_heading][vc_icon icon=&#8221;fa fa-chevron-down2&#8243; icon_color=&#8221;color-xsdn&#8221; size=&#8221;fa-2x&#8221; uncode_shortcode_id=&#8221;969509&#8243; icon_color_type=&#8221;uncode-palette&#8221; link=&#8221;url:%23forfaits&#8221;][\/vc_icon][vc_empty_space empty_h=&#8221;4&#8243;][vc_custom_heading text_color=&#8221;color-gyho&#8221; heading_semantic=&#8221;p&#8221; text_font=&#8221;font-176805&#8243; text_size=&#8221;&#8221; text_italic=&#8221;yes&#8221; sub_lead=&#8221;yes&#8221; sub_reduced=&#8221;yes&#8221; css_animation=&#8221;bottom-t-top&#8221; animation_delay=&#8221;100&#8243; text_align=&#8221;text-center&#8221; text_uppercase=&#8221;&#8221; text_serif=&#8221;&#8221; uncode_shortcode_id=&#8221;823089&#8243; text_color_type=&#8221;uncode-palette&#8221;]They trusted us&#8230;[\/vc_custom_heading][vc_empty_space empty_h=&#8221;1&#8243;][vc_gallery el_id=&#8221;gallery-958453445356655&#8243; type=&#8221;carousel&#8221; medias=&#8221;29586,29587,30040,30042,30039,29588,30013,30041,30012,30038,30037,30036&#8243; carousel_lg=&#8221;5&#8243; carousel_md=&#8221;4&#8243; carousel_sm=&#8221;3&#8243; thumb_size=&#8221;one-one&#8221; gutter_size=&#8221;4&#8243; media_items=&#8221;media|nolink|original&#8221; carousel_v_align=&#8221;middle&#8221; carousel_interval=&#8221;3000&#8243; carousel_navspeed=&#8221;1000&#8243; carousel_loop=&#8221;yes&#8221; carousel_overflow=&#8221;yes&#8221; stage_padding=&#8221;0&#8243; single_overlay_opacity=&#8221;1&#8243; single_image_anim=&#8221;no&#8221; single_h_align=&#8221;center&#8221; single_padding=&#8221;2&#8243; single_icon=&#8221;fa fa-plus2&#8243; single_border=&#8221;yes&#8221; lbox_gallery_arrows=&#8221;no&#8221; lbox_no_tmb=&#8221;yes&#8221; carousel_rtl=&#8221;&#8221; single_title_uppercase=&#8221;&#8221; single_title_bold=&#8221;&#8221; single_title_serif=&#8221;&#8221; onclick=&#8221;link_image&#8221; custom_links_target=&#8221;_self&#8221; items=&#8221;eyI4ODY4X2kiOnsic2luZ2xlX3dpZHRoIjoiNCIsInNpbmdsZV9oZWlnaHQiOiI0In0sIjg4NjJfaSI6eyJzaW5nbGVfd2lkdGgiOiI0Iiwic2luZ2xlX2hlaWdodCI6IjQifSwiODg2MF9pIjp7InNpbmdsZV93aWR0aCI6IjQifX0=&#8221; single_half_padding=&#8221;&#8221; single_no_background=&#8221;&#8221; uncode_shortcode_id=&#8221;568923&#8243;][vc_empty_space empty_h=&#8221;2&#8243;][\/vc_column][\/vc_row][vc_row row_height_percent=&#8221;0&#8243; override_padding=&#8221;yes&#8221; h_padding=&#8221;2&#8243; top_padding=&#8221;1&#8243; bottom_padding=&#8221;4&#8243; overlay_color=&#8221;accent&#8221; overlay_alpha=&#8221;2&#8243; gutter_size=&#8221;3&#8243; column_width_percent=&#8221;100&#8243; shift_y=&#8221;0&#8243; z_index=&#8221;0&#8243; uncode_shortcode_id=&#8221;161308&#8243; overlay_color_type=&#8221;uncode-palette&#8221;][vc_column width=&#8221;1\/1&#8243;][vc_custom_heading uncode_shortcode_id=&#8221;147840&#8243; el_id=&#8221;forfaits&#8221;]Rental &amp; privatisation packages[\/vc_custom_heading][vc_empty_space empty_h=&#8221;1&#8243;][vc_row_inner row_inner_height_percent=&#8221;0&#8243; overlay_alpha=&#8221;50&#8243; equal_height=&#8221;yes&#8221; gutter_size=&#8221;3&#8243; shift_y=&#8221;0&#8243; z_index=&#8221;0&#8243; uncode_shortcode_id=&#8221;164325&#8243;][vc_column_inner column_width_percent=&#8221;100&#8243; align_horizontal=&#8221;align_center&#8221; gutter_size=&#8221;3&#8243; overlay_alpha=&#8221;50&#8243; preserve_border=&#8221;yes&#8221; preserve_border_tablet=&#8221;yes&#8221; preserve_border_mobile=&#8221;yes&#8221; border_color=&#8221;color-xsdn&#8221; border_style=&#8221;solid&#8221; shift_x=&#8221;0&#8243; shift_y=&#8221;0&#8243; shift_y_down=&#8221;0&#8243; z_index=&#8221;0&#8243; medium_width=&#8221;3&#8243; mobile_width=&#8221;0&#8243; css_animation=&#8221;alpha-anim&#8221; animation_speed=&#8221;200&#8243; animation_delay=&#8221;100&#8243; width=&#8221;1\/2&#8243; uncode_shortcode_id=&#8221;117230&#8243; css=&#8221;.vc_custom_1683717220093{border-top-width: 1px !important;border-right-width: 1px !important;border-bottom-width: 1px !important;border-left-width: 1px !important;padding-top: 20px !important;padding-right: 20px !important;padding-bottom: 20px !important;padding-left: 20px !important;}&#8221; border_color_type=&#8221;uncode-palette&#8221;][vc_custom_heading heading_semantic=&#8221;p&#8221; text_font=&#8221;font-176805&#8243; text_size=&#8221;h3&#8243; uncode_shortcode_id=&#8221;180978&#8243;]<\/p>\n<h3 style=\"font-family: 'Montserrat';\">Space privatisation package<\/h3>\n<p>[\/vc_custom_heading][vc_column_text uncode_shortcode_id=&#8221;128015&#8243;]<strong>Every day<\/strong><br \/>\nQuote on request[\/vc_column_text][uncode_list uncode_shortcode_id=&#8221;188032&#8243;]<\/p>\n<ul>\n<li style=\"text-align: left;\">From 20 people<\/li>\n<li style=\"text-align: left;\">1 bartender and 1 waiter assigned to your area<\/li>\n<li style=\"text-align: left;\">1 cocktail-dinner package, on request<\/li>\n<li style=\"text-align: left;\">1 soft drinks package, unlimited beer<\/li>\n<li style=\"text-align: left;\">Cocktails and long drinks on request<\/li>\n<\/ul>\n<p>[\/uncode_list][vc_column_text uncode_shortcode_id=&#8221;950743&#8243;]<b>Contact : frederic@cercledesbains.ch<br \/>\n+41 78 313 40 13<br \/>\n<\/b>[\/vc_column_text][\/vc_column_inner][vc_column_inner column_width_percent=&#8221;100&#8243; align_horizontal=&#8221;align_center&#8221; gutter_size=&#8221;3&#8243; overlay_alpha=&#8221;50&#8243; preserve_border=&#8221;yes&#8221; preserve_border_tablet=&#8221;yes&#8221; preserve_border_mobile=&#8221;yes&#8221; border_color=&#8221;color-xsdn&#8221; border_style=&#8221;solid&#8221; shift_x=&#8221;0&#8243; shift_y=&#8221;0&#8243; shift_y_down=&#8221;0&#8243; z_index=&#8221;0&#8243; medium_width=&#8221;3&#8243; mobile_width=&#8221;0&#8243; css_animation=&#8221;alpha-anim&#8221; animation_speed=&#8221;200&#8243; animation_delay=&#8221;200&#8243; width=&#8221;1\/2&#8243; uncode_shortcode_id=&#8221;177529&#8243; css=&#8221;.vc_custom_1683717229400{border-top-width: 1px !important;border-right-width: 1px !important;border-bottom-width: 1px !important;border-left-width: 1px !important;padding-top: 20px !important;padding-right: 20px !important;padding-bottom: 20px !important;padding-left: 20px !important;}&#8221; border_color_type=&#8221;uncode-palette&#8221;][vc_custom_heading heading_semantic=&#8221;p&#8221; text_font=&#8221;font-176805&#8243; text_size=&#8221;h3&#8243; uncode_shortcode_id=&#8221;124422&#8243;]<\/p>\n<h3 style=\"font-family: 'Montserrat';\">Total privatisation package<\/h3>\n<p>[\/vc_custom_heading][vc_column_text uncode_shortcode_id=&#8221;128015&#8243;]<strong>Every day<\/strong><br \/>\nQuote on request[\/vc_column_text][uncode_list uncode_shortcode_id=&#8221;113593&#8243;]<\/p>\n<ul style=\"text-align: left;\">\n<li>From 50 people<\/li>\n<li>Barman, waiter, DJ, staff, fully equipped room (furniture, sound and lighting)<\/li>\n<li>All-you-can-drink soft drinks and beer package<\/li>\n<li>Tailor-made drinks and food package<\/li>\n<\/ul>\n<p>[\/uncode_list][vc_column_text uncode_shortcode_id=&#8221;950743&#8243;]<b>Contact : frederic@cercledesbains.ch<br \/>\n+41 78 313 40 13<br \/>\n<\/b>[\/vc_column_text][\/vc_column_inner][\/vc_row_inner][vc_row_inner][vc_column_inner column_width_percent=&#8221;100&#8243; align_horizontal=&#8221;align_right&#8221; gutter_size=&#8221;3&#8243; overlay_alpha=&#8221;50&#8243; shift_x=&#8221;0&#8243; shift_y=&#8221;0&#8243; shift_y_down=&#8221;0&#8243; z_index=&#8221;0&#8243; medium_width=&#8221;0&#8243; mobile_width=&#8221;0&#8243; width=&#8221;1\/1&#8243; uncode_shortcode_id=&#8221;338850&#8243;][vc_button border_width=&#8221;0&#8243; icon_position=&#8221;right&#8221; icon=&#8221;fa fa-chevron-right3&#8243; uncode_shortcode_id=&#8221;169721&#8243; link=&#8221;url:%2Fen%2Fprivatisation%2F%23formulaire-privatisation&#8221;]Request for privatisation[\/vc_button][\/vc_column_inner][\/vc_row_inner][vc_empty_space empty_h=&#8221;4&#8243;][vc_row_inner][vc_column_inner width=&#8221;1\/2&#8243;][vc_custom_heading uncode_shortcode_id=&#8221;160165&#8243;]Conference packages[\/vc_custom_heading][\/vc_column_inner][vc_column_inner width=&#8221;1\/2&#8243;][vc_column_text uncode_shortcode_id=&#8221;794981&#8243;]Totalement \u00e9quip\u00e9e et disposant d&#8217;un service traiteur, notre salle est situ\u00e9e de plein pied et permet un acc\u00e8s facile en personnes \u00e0 mobilit\u00e9 r\u00e9duite.[\/vc_column_text][\/vc_column_inner][\/vc_row_inner][vc_empty_space empty_h=&#8221;1&#8243;][vc_row_inner row_inner_height_percent=&#8221;0&#8243; overlay_alpha=&#8221;50&#8243; equal_height=&#8221;yes&#8221; gutter_size=&#8221;3&#8243; shift_y=&#8221;0&#8243; z_index=&#8221;0&#8243; uncode_shortcode_id=&#8221;164325&#8243;][vc_column_inner column_width_percent=&#8221;100&#8243; align_horizontal=&#8221;align_center&#8221; gutter_size=&#8221;3&#8243; overlay_alpha=&#8221;50&#8243; preserve_border=&#8221;yes&#8221; preserve_border_tablet=&#8221;yes&#8221; preserve_border_mobile=&#8221;yes&#8221; border_color=&#8221;color-xsdn&#8221; border_style=&#8221;solid&#8221; shift_x=&#8221;0&#8243; shift_y=&#8221;0&#8243; shift_y_down=&#8221;0&#8243; z_index=&#8221;0&#8243; medium_width=&#8221;3&#8243; mobile_width=&#8221;0&#8243; css_animation=&#8221;alpha-anim&#8221; animation_speed=&#8221;200&#8243; animation_delay=&#8221;100&#8243; width=&#8221;1\/2&#8243; uncode_shortcode_id=&#8221;117230&#8243; css=&#8221;.vc_custom_1683717220093{border-top-width: 1px !important;border-right-width: 1px !important;border-bottom-width: 1px !important;border-left-width: 1px !important;padding-top: 20px !important;padding-right: 20px !important;padding-bottom: 20px !important;padding-left: 20px !important;}&#8221; border_color_type=&#8221;uncode-palette&#8221;][vc_custom_heading heading_semantic=&#8221;p&#8221; text_font=&#8221;font-176805&#8243; text_size=&#8221;h3&#8243; uncode_shortcode_id=&#8221;140608&#8243; subheading=&#8221;Full day, half day or a few hours, contact us for more information.&#8221;]Duration[\/vc_custom_heading][vc_custom_heading heading_semantic=&#8221;p&#8221; text_font=&#8221;font-176805&#8243; text_size=&#8221;h3&#8243; uncode_shortcode_id=&#8221;188735&#8243; subheading=&#8221;Following your conference, take advantage of free admission and cloakroom facilities at our public evenings.&#8221;]Continue the evening[\/vc_custom_heading][\/vc_column_inner][vc_column_inner column_width_percent=&#8221;100&#8243; gutter_size=&#8221;3&#8243; overlay_alpha=&#8221;50&#8243; preserve_border=&#8221;yes&#8221; preserve_border_tablet=&#8221;yes&#8221; preserve_border_mobile=&#8221;yes&#8221; border_color=&#8221;color-xsdn&#8221; border_style=&#8221;solid&#8221; shift_x=&#8221;0&#8243; shift_y=&#8221;0&#8243; shift_y_down=&#8221;0&#8243; z_index=&#8221;0&#8243; medium_width=&#8221;3&#8243; mobile_width=&#8221;0&#8243; css_animation=&#8221;alpha-anim&#8221; animation_speed=&#8221;200&#8243; animation_delay=&#8221;300&#8243; width=&#8221;1\/2&#8243; uncode_shortcode_id=&#8221;117945&#8243; css=&#8221;.vc_custom_1710323426533{padding-top: 20px !important;padding-right: 20px !important;padding-bottom: 20px !important;padding-left: 20px !important;}&#8221; border_color_type=&#8221;uncode-palette&#8221;][vc_custom_heading heading_semantic=&#8221;p&#8221; text_font=&#8221;font-176805&#8243; text_size=&#8221;h3&#8243; uncode_shortcode_id=&#8221;502446&#8243;]Equipment[\/vc_custom_heading][uncode_list uncode_shortcode_id=&#8221;343941&#8243;]<\/p>\n<ul>\n<li>Beamer<\/li>\n<li>Audio\/Microphone<\/li>\n<li>Lights<\/li>\n<li>Paperboard<\/li>\n<li>Paper pad\/Stylos\/etc.<\/li>\n<li>Softs, coffees and soft drinks<\/li>\n<li><strong>Lunch and aperitifs on request.<\/strong><\/li>\n<\/ul>\n<p>[\/uncode_list][\/vc_column_inner][\/vc_row_inner][vc_row_inner][vc_column_inner column_width_percent=&#8221;100&#8243; align_horizontal=&#8221;align_right&#8221; gutter_size=&#8221;3&#8243; overlay_alpha=&#8221;50&#8243; shift_x=&#8221;0&#8243; shift_y=&#8221;0&#8243; shift_y_down=&#8221;0&#8243; z_index=&#8221;0&#8243; medium_width=&#8221;0&#8243; mobile_width=&#8221;0&#8243; width=&#8221;1\/1&#8243; uncode_shortcode_id=&#8221;338850&#8243;][vc_button border_width=&#8221;0&#8243; icon_position=&#8221;right&#8221; icon=&#8221;fa fa-chevron-right3&#8243; uncode_shortcode_id=&#8221;142534&#8243; link=&#8221;url:%2Fen%2Fprivatisation%2F%23formulaire-privatisation&#8221;]Conference organisation[\/vc_button][\/vc_column_inner][\/vc_row_inner][\/vc_column][\/vc_row][vc_row row_height_percent=&#8221;0&#8243; override_padding=&#8221;yes&#8221; h_padding=&#8221;2&#8243; top_padding=&#8221;4&#8243; bottom_padding=&#8221;6&#8243; overlay_alpha=&#8221;100&#8243; gutter_size=&#8221;100&#8243; column_width_percent=&#8221;100&#8243; shift_y=&#8221;0&#8243; z_index=&#8221;0&#8243; style=&#8221;inherited&#8221; uncode_shortcode_id=&#8221;228625&#8243;][vc_column column_width_percent=&#8221;100&#8243; position_vertical=&#8221;middle&#8221; gutter_size=&#8221;3&#8243; overlay_alpha=&#8221;50&#8243; shift_x=&#8221;0&#8243; shift_y=&#8221;0&#8243; shift_y_down=&#8221;0&#8243; z_index=&#8221;0&#8243; medium_width=&#8221;0&#8243; mobile_width=&#8221;0&#8243; zoom_width=&#8221;0&#8243; zoom_height=&#8221;0&#8243; width=&#8221;1\/1&#8243; uncode_shortcode_id=&#8221;473871&#8243;][vc_custom_heading sub_lead=&#8221;yes&#8221; sub_reduced=&#8221;yes&#8221; css_animation=&#8221;bottom-t-top&#8221; animation_delay=&#8221;100&#8243; text_align=&#8221;text-center&#8221; text_uppercase=&#8221;&#8221; text_serif=&#8221;&#8221; uncode_shortcode_id=&#8221;455580&#8243;]The photo gallery[\/vc_custom_heading][vc_empty_space empty_h=&#8221;1&#8243;][vc_gallery el_id=&#8221;gallery-958453445356&#8243; type=&#8221;carousel&#8221; medias=&#8221;28885,28887,28910,28995,29010,29008,29007,29374,29382,29385,29387,29378,28892,28889,28895,28894,28891,28890,29001,28999,28998&#8243; carousel_lg=&#8221;1&#8243; carousel_md=&#8221;2&#8243; carousel_sm=&#8221;1&#8243; thumb_size=&#8221;four-five&#8221; gutter_size=&#8221;3&#8243; media_items=&#8221;media|lightbox|original&#8221; carousel_interval=&#8221;3000&#8243; carousel_navspeed=&#8221;400&#8243; carousel_loop=&#8221;yes&#8221; carousel_overflow=&#8221;yes&#8221; stage_padding=&#8221;65&#8243; single_shape=&#8221;round&#8221; radius=&#8221;xs&#8221; single_overlay_color=&#8221;color-wayh&#8221; single_overlay_opacity=&#8221;50&#8243; single_image_anim=&#8221;no&#8221; single_h_align=&#8221;center&#8221; single_padding=&#8221;2&#8243; single_icon=&#8221;fa fa-plus2&#8243; single_shadow=&#8221;yes&#8221; shadow_weight=&#8221;xl&#8221; shadow_darker=&#8221;yes&#8221; single_border=&#8221;yes&#8221; single_css_animation=&#8221;zoom-in&#8221; single_animation_speed=&#8221;200&#8243; lbox_no_tmb=&#8221;yes&#8221; carousel_rtl=&#8221;&#8221; single_title_uppercase=&#8221;&#8221; single_title_bold=&#8221;&#8221; single_title_serif=&#8221;&#8221; onclick=&#8221;link_image&#8221; custom_links_target=&#8221;_self&#8221; items=&#8221;eyI4ODY4X2kiOnsic2luZ2xlX3dpZHRoIjoiNCIsInNpbmdsZV9oZWlnaHQiOiI0In0sIjg4NjJfaSI6eyJzaW5nbGVfd2lkdGgiOiI0Iiwic2luZ2xlX2hlaWdodCI6IjQifSwiODg2MF9pIjp7InNpbmdsZV93aWR0aCI6IjQifX0=&#8221; single_half_padding=&#8221;&#8221; single_no_background=&#8221;&#8221; uncode_shortcode_id=&#8221;168313&#8243;][vc_empty_space empty_h=&#8221;3&#8243;][vc_row_inner][vc_column_inner column_width_percent=&#8221;100&#8243; align_horizontal=&#8221;align_right&#8221; gutter_size=&#8221;3&#8243; overlay_alpha=&#8221;50&#8243; shift_x=&#8221;0&#8243; shift_y=&#8221;0&#8243; shift_y_down=&#8221;0&#8243; z_index=&#8221;0&#8243; medium_width=&#8221;0&#8243; mobile_width=&#8221;0&#8243; width=&#8221;1\/1&#8243; uncode_shortcode_id=&#8221;147838&#8243;][vc_button border_width=&#8221;0&#8243; icon_position=&#8221;right&#8221; icon=&#8221;fa fa-chevron-right3&#8243; uncode_shortcode_id=&#8221;985174&#8243; link=&#8221;url:%2Fen%2Fphotos&#8221;]see more[\/vc_button][\/vc_column_inner][\/vc_row_inner][\/vc_column][\/vc_row]<\/p>\n","protected":false},"excerpt":{"rendered":"<p>[vc_row row_height_percent=&#8221;90&#8243; override_padding=&#8221;yes&#8221; h_padding=&#8221;2&#8243; top_padding=&#8221;3&#8243; bottom_padding=&#8221;3&#8243; back_image=&#8221;29386&#8243; back_position=&#8221;center bottom&#8221; overlay_alpha=&#8221;100&#8243; gutter_size=&#8221;3&#8243; column_width_percent=&#8221;100&#8243; shift_y=&#8221;0&#8243; z_index=&#8221;0&#8243; uncode_shortcode_id=&#8221;405523&#8243; overlay_color_type=&#8221;uncode-gradient&#8221; overlay_color_gradient=&#8221;{&#8220;css&#8220;:&#8220;background: linear-gradient(to bottom , [&hellip;]<\/p>\n","protected":false},"author":1,"featured_media":0,"parent":0,"menu_order":0,"comment_status":"closed","ping_status":"closed","template":"","meta":{"_acf_changed":false,"_monsterinsights_skip_tracking":false,"_monsterinsights_sitenote_active":false,"_monsterinsights_sitenote_note":"","_monsterinsights_sitenote_category":0,"footnotes":""},"class_list":["post-30356","page","type-page","status-publish","hentry"],"acf":[],"_links":{"self":[{"href":"https:\/\/cercledesbains.ch\/en\/wp-json\/wp\/v2\/pages\/30356","targetHints":{"allow":["GET"]}}],"collection":[{"href":"https:\/\/cercledesbains.ch\/en\/wp-json\/wp\/v2\/pages"}],"about":[{"href":"https:\/\/cercledesbains.ch\/en\/wp-json\/wp\/v2\/types\/page"}],"author":[{"embeddable":true,"href":"https:\/\/cercledesbains.ch\/en\/wp-json\/wp\/v2\/users\/1"}],"replies":[{"embeddable":true,"href":"https:\/\/cercledesbains.ch\/en\/wp-json\/wp\/v2\/comments?post=30356"}],"version-history":[{"count":9,"href":"https:\/\/cercledesbains.ch\/en\/wp-json\/wp\/v2\/pages\/30356\/revisions"}],"predecessor-version":[{"id":31252,"href":"https:\/\/cercledesbains.ch\/en\/wp-json\/wp\/v2\/pages\/30356\/revisions\/31252"}],"wp:attachment":[{"href":"https:\/\/cercledesbains.ch\/en\/wp-json\/wp\/v2\/media?parent=30356"}],"curies":[{"name":"wp","href":"https:\/\/api.w.org\/{rel}","templated":true}]}}